{"id":1346,"date":"2017-04-03T07:52:49","date_gmt":"2017-04-03T07:52:49","guid":{"rendered":"http:\/\/brandan.ch\/wordpress\/?page_id=1346"},"modified":"2025-04-26T18:13:54","modified_gmt":"2025-04-26T16:13:54","slug":"calendar","status":"publish","type":"page","link":"https:\/\/brandan.ch\/wordpress\/?page_id=1346","title":{"rendered":"Calendar"},"content":{"rendered":"<h1>Veranstaltungen<\/h1>\n<h4>Die regelm\u00e4ssigen Veranstaltungen:<\/h4>\n<p>Jeden Dienstag: Ritualfeuer f\u00fcr Ph\u00f6nixe mit anschliessender Meditation zur L\u00f6sung von alten Verletzungen<\/p>\n<p>Zum Vollmond: Vollmond-Ritual mit anschliessender Naturmeditation<\/p>\n<p>&nbsp;<\/p>\n<p>&nbsp;<\/p>\n","protected":false},"excerpt":{"rendered":"<p>Veranstaltungen Die regelm\u00e4ssigen Veranstaltungen: Jeden Dienstag: Ritualfeuer f\u00fcr Ph\u00f6nixe mit anschliessender Meditation zur L\u00f6sung von alten Verletzungen Zum Vollmond: Vollmond-Ritual mit anschliessender Naturmeditation &nbsp; &nbsp;<\/p>\n<p class=\"continue-reading-button\"> <a class=\"continue-reading-link\" href=\"https:\/\/brandan.ch\/wordpress\/?page_id=1346\">Weiter lesen<i class=\"crycon-right-dir\"><\/i><\/a><\/p>\n","protected":false},"author":1,"featured_media":0,"parent":0,"menu_order":0,"comment_status":"closed","ping_status":"closed","template":"","meta":{"footnotes":""},"class_list":["post-1346","page","type-page","status-publish","hentry"],"_links":{"self":[{"href":"https:\/\/brandan.ch\/wordpress\/index.php?rest_route=\/wp\/v2\/pages\/1346","targetHints":{"allow":["GET"]}}],"collection":[{"href":"https:\/\/brandan.ch\/wordpress\/index.php?rest_route=\/wp\/v2\/pages"}],"about":[{"href":"https:\/\/brandan.ch\/wordpress\/index.php?rest_route=\/wp\/v2\/types\/page"}],"author":[{"embeddable":true,"href":"https:\/\/brandan.ch\/wordpress\/index.php?rest_route=\/wp\/v2\/users\/1"}],"replies":[{"embeddable":true,"href":"https:\/\/brandan.ch\/wordpress\/index.php?rest_route=%2Fwp%2Fv2%2Fcomments&post=1346"}],"version-history":[{"count":5,"href":"https:\/\/brandan.ch\/wordpress\/index.php?rest_route=\/wp\/v2\/pages\/1346\/revisions"}],"predecessor-version":[{"id":4614,"href":"https:\/\/brandan.ch\/wordpress\/index.php?rest_route=\/wp\/v2\/pages\/1346\/revisions\/4614"}],"wp:attachment":[{"href":"https:\/\/brandan.ch\/wordpress\/index.php?rest_route=%2Fwp%2Fv2%2Fmedia&parent=1346"}],"curies":[{"name":"wp","href":"https:\/\/api.w.org\/{rel}","templated":true}]}}