{"id":2758,"date":"2018-08-22T14:06:08","date_gmt":"2018-08-22T12:06:08","guid":{"rendered":"http:\/\/brandan.ch\/wordpress\/?page_id=2758"},"modified":"2026-02-20T17:33:09","modified_gmt":"2026-02-20T16:33:09","slug":"startseite","status":"publish","type":"page","link":"https:\/\/brandan.ch\/wordpress\/","title":{"rendered":"Startseite"},"content":{"rendered":"<h1 style=\"text-align: center;\">Herzlich Willkommen<\/h1>\n<p>&nbsp;<\/p>\n<p>Ich unterst\u00fctze Dich dabei, unbewusste Blockaden und innere Hindernisse zu l\u00f6sen und mit alten Situationen Frieden zu finden. Dadurch kann Deine Pers\u00f6nlichkeit st\u00e4rker zur Geltung kommen und sich Wege zu Dir selbst und Deiner inneren Stimme st\u00e4rker zu \u00f6ffnen und beleben. Starke Potentiale, die in Dir schlummern, k\u00f6nnen darin belebt werden und das Umfeld tiefgr\u00fcndiger wahrgenommen werden. Die Verbindung zu Dir und Deiner inneren Stimme kann Dir helfen, auch in unruhigen Zeiten einen klaren Kopf zu bewahren und als innere Ausrichtung f\u00fcr Dich und Dein Umfeld dienen.<\/p>\n<p>&nbsp;<\/p>\n<h2>Individuelles Coaching \/ Feng Shui<\/h2>\n<p>&nbsp;<\/p>\n<div id=\"flipbox-widget-4540\" class=\"cfb_wrapper layout-4 flex-row\" data-flipboxid=\"flipbox-widget-4540\" data-bootstrap-status=\"enable\" data-fontawesome-icons=\"enable\"><div class=\"flex-col-md-3 cfb-box-1 cfb-box-wrapper\">\n                                <div class=\"flipbox-container cfb-layout-4 cfb-flip cfb-click\" data-effect=\"x\" data-height=\"equal\">\n                                  <div class=\"flipbox-front-layout cfb-data\">\n                                    <div class=\"flipbox-image-content\">\n                                      <div class=\"flipbox-image-top\"><img decoding=\"async\" src=\"https:\/\/brandan.ch\/slider\/brandan\/slider_start_coaching.png\" alt=\"\" \/><\/div>\n                                      <div class=\"flipbox-img-content\">\n                                        <h5 style=\"color:#2a7c1d\">Coaching<\/h5>\n                                      <\/div>\n                                    <\/div>\n                                    <\/div>\n                                  <div class=\"flipbox-back-layout cfb-data\" style=\"background-color:#2a7c1d\">\n                                    <p>Im individuellen Coaching unterst\u00fctze ich Dich dabei, innere Hindernisse zu \u00fcberwinden und Wege in neue Perspektiven zu \u00f6ffnen.<\/p><a target=\"_blank\" href=\"https:\/\/brandan.ch\/wordpress\/?page_id=3126\"  class=\"back-layout-btn\" style=\"color:#2a7c1d\">Mehr erfahren<\/a><\/div>\n                                <\/div>\n                              <\/div><div class=\"flex-col-md-3 cfb-box-2 cfb-box-wrapper\">\n                                <div class=\"flipbox-container cfb-layout-4 cfb-flip cfb-click\" data-effect=\"x\" data-height=\"equal\">\n                                  <div class=\"flipbox-front-layout cfb-data\">\n                                    <div class=\"flipbox-image-content\">\n                                      <div class=\"flipbox-image-top\"><img decoding=\"async\" src=\"https:\/\/brandan.ch\/wordpress\/wp-content\/uploads\/2024\/12\/fb_start_fs-300x213.png\" alt=\"\" \/><\/div>\n                                      <div class=\"flipbox-img-content\">\n                                        <h5 style=\"color:#2a7c1d\">Feng Shui \/ Raum-Akupunktur<\/h5>\n                                      <\/div>\n                                    <\/div>\n                                    <\/div>\n                                  <div class=\"flipbox-back-layout cfb-data\" style=\"background-color:#2a7c1d\">\n                                    <p>Das Ziel von Raum-Akupunktur Feng Shui ist, ohne Aenderungen der Einrichtung die Energiefl\u00fcsse in R\u00e4umen zu optimieren und einen Kraftplatz zu schaffen, an dem Du dich und alle Bewohner sich wohl f\u00fchlen und in ihrem Sein und ihrer T\u00e4tigkeit unterst\u00fctzt werden<\/p><a target=\"_blank\" href=\"https:\/\/fs.brandan.ch\/\"  class=\"back-layout-btn\" style=\"color:#2a7c1d\">Mehr erfahren<\/a><\/div>\n                                <\/div>\n                              <\/div><div class=\"flex-col-md-3 cfb-box-3 cfb-box-wrapper\">\n                                <div class=\"flipbox-container cfb-layout-4 cfb-flip cfb-click\" data-effect=\"x\" data-height=\"equal\">\n                                  <div class=\"flipbox-front-layout cfb-data\">\n                                    <div class=\"flipbox-image-content\">\n                                      <div class=\"flipbox-image-top\"><img decoding=\"async\" src=\"https:\/\/brandan.ch\/wordpress\/wp-content\/uploads\/2024\/12\/fb_start_wch.png\" alt=\"\" \/><\/div>\n                                      <div class=\"flipbox-img-content\">\n                                        <h5 style=\"color:#2a7c1d\">Die Verbindung zur Erde<\/h5>\n                                      <\/div>\n                                    <\/div>\n                                    <\/div>\n                                  <div class=\"flipbox-back-layout cfb-data\" style=\"background-color:#2a7c1d\">\n                                    <p>Das Wurzelchakra verbindet Dich mit dem Liebes-Feuer und der weiblichen Kraft der Erde. Es st\u00e4rkt Dein Ur-Vertrauen, deine Zuversicht und deinen Glauben an die Zukunft. Innerer Frieden kann durch das Sein fliessen und hilft Dir, deine Zuversicht zu st\u00e4rken.<\/p><a target=\"_blank\" href=\"https:\/\/wch.brandan.ch\/\"  class=\"back-layout-btn\" style=\"color:#2a7c1d\">Mehr erfahren<\/a><\/div>\n                                <\/div>\n                              <\/div><\/div>\n<p>&nbsp;<\/p>\n<h2>Inneres Wissen \u00f6ffnen<\/h2>\n<p>&nbsp;<\/p>\n<div id=\"flipbox-widget-4528\" class=\"cfb_wrapper layout-4 flex-row\" data-flipboxid=\"flipbox-widget-4528\" data-bootstrap-status=\"enable\" data-fontawesome-icons=\"enable\"><div class=\"flex-col-md-3 cfb-box-1 cfb-box-wrapper\">\n                                <div class=\"flipbox-container cfb-layout-4 cfb-flip cfb-click\" data-effect=\"x\" data-height=\"equal\">\n                                  <div class=\"flipbox-front-layout cfb-data\">\n                                    <div class=\"flipbox-image-content\">\n                                      <div class=\"flipbox-image-top\"><img decoding=\"async\" src=\"https:\/\/brandan.ch\/wordpress\/wp-content\/uploads\/2024\/12\/fb_start_coach.png\" alt=\"\" \/><\/div>\n                                      <div class=\"flipbox-img-content\">\n                                        <h5 style=\"color:#3d0060\">Das heilerische Wissen<\/h5>\n                                      <\/div>\n                                    <\/div>\n                                    <\/div>\n                                  <div class=\"flipbox-back-layout cfb-data\" style=\"background-color:#3d0060\">\n                                    <p>Oft sind unsere Energiefl\u00fcsse durch verschiedenste Einfl\u00fcsse verschmutzt und blockiert worden. Meistsens steht hinter diesen Blockaden ein tiefes Herzwissenn \u00fcber sich selbst und andere Menschen.\r\n\r\n \r\n\r\nIm Workshop werden verschiedene Energieebenen gereinigt, so dass die Enrgien wieder frei fliessen k\u00f6nnen. Gleichzeitig kann ein tiefes Herzwissen \u00fcber Menschen und wie man sie unterst\u00fctzen kann ins Bewusstsein treten und im Alltag einfliessen. Das heilerische Wissen aus deiner eigenen Wissensbibliothek hilft dabei, mit sich selber in Frieden zu kommen.<\/p><a target=\"_blank\" href=\"https:\/\/coach.brandan.ch\"  class=\"back-layout-btn\" style=\"color:#3d0060\">Mehr erfahren<\/a><\/div>\n                                <\/div>\n                              <\/div><div class=\"flex-col-md-3 cfb-box-2 cfb-box-wrapper\">\n                                <div class=\"flipbox-container cfb-layout-4 cfb-flip cfb-click\" data-effect=\"x\" data-height=\"equal\">\n                                  <div class=\"flipbox-front-layout cfb-data\">\n                                    <div class=\"flipbox-image-content\">\n                                      <div class=\"flipbox-image-top\"><img decoding=\"async\" src=\"https:\/\/brandan.ch\/wordpress\/wp-content\/uploads\/2024\/12\/fb_start_garten.png\" alt=\"\" \/><\/div>\n                                      <div class=\"flipbox-img-content\">\n                                        <h5 style=\"color:#3d0060\">Naturverbindung<\/h5>\n                                      <\/div>\n                                    <\/div>\n                                    <\/div>\n                                  <div class=\"flipbox-back-layout cfb-data\" style=\"background-color:#3d0060\">\n                                    <p>Jeder Garten ist gepr\u00e4ft von unsichtbaren Energien, Kraftpl\u00e4tzen und Naturwesen. Schamanische Gartengestaltung ist die Verbindung zwischen Gartengestaltung, tiefer Naturverbindung, unsichtbaren Energien und Naturwesen. <\/p><a target=\"_blank\" href=\"https:\/\/garten.brandan.ch\"  class=\"back-layout-btn\" style=\"color:#3d0060\">Mehr erfahren<\/a><\/div>\n                                <\/div>\n                              <\/div><div class=\"flex-col-md-3 cfb-box-3 cfb-box-wrapper\">\n                                <div class=\"flipbox-container cfb-layout-4 cfb-flip cfb-click\" data-effect=\"x\" data-height=\"equal\">\n                                  <div class=\"flipbox-front-layout cfb-data\">\n                                    <div class=\"flipbox-image-content\">\n                                      <div class=\"flipbox-image-top\"><img decoding=\"async\" src=\"https:\/\/brandan.ch\/wordpress\/wp-content\/uploads\/2024\/12\/fb_start_kt-2.png\" alt=\"\" \/><\/div>\n                                      <div class=\"flipbox-img-content\">\n                                        <h5 style=\"color:#3d0060\">Die innere Stimme st\u00e4rken<\/h5>\n                                      <\/div>\n                                    <\/div>\n                                    <\/div>\n                                  <div class=\"flipbox-back-layout cfb-data\" style=\"background-color:#3d0060\">\n                                    <p>Oft ist es schwierig, im L\u00e4rm und der Hetze des Alltags die innere Stimme im Herzen wahrzunehmen. \r\n\r\nDer Kristalltempel verst\u00e4rkt die innere Stimme im Herzen, so dass Du sie einfacher bemerken kannst.\u00a0Er unterst\u00fctzt dich dabei, deinen Herzensweg einfacher wahrzunehmen und zu leben. Er hilft, die Verbindung zur Natur zu vertiefen und eine seelische Wissensbibliothek \u00fcber Menschen zu entdecken. \r\n\r\nIn einem einmaligen Termin kann die Verbindung belebt werden, so dass sie immer st\u00e4rker im Sein erlebt werden kann. \r\n<\/p><\/div>\n                                <\/div>\n                              <\/div><\/div>\n<p>&nbsp;<\/p>\n<h4>M\u00f6chtest du mehr wissen ?<\/h4>\n<p>Melde Dich gerne stehe ich Dir f\u00fcr Informationen zur Verf\u00fcgung.<\/p>\n<p>&nbsp;<\/p>\n","protected":false},"excerpt":{"rendered":"<p>Herzlich Willkommen &nbsp; Ich unterst\u00fctze Dich dabei, unbewusste Blockaden und innere Hindernisse zu l\u00f6sen und mit alten Situationen Frieden zu finden. Dadurch kann Deine Pers\u00f6nlichkeit st\u00e4rker zur Geltung kommen und sich Wege zu Dir selbst und Deiner inneren Stimme st\u00e4rker zu \u00f6ffnen und beleben. Starke Potentiale, die in Dir schlummern,\u2026<\/p>\n<p class=\"continue-reading-button\"> <a class=\"continue-reading-link\" href=\"https:\/\/brandan.ch\/wordpress\/\">Weiter lesen<i class=\"crycon-right-dir\"><\/i><\/a><\/p>\n","protected":false},"author":1,"featured_media":0,"parent":0,"menu_order":0,"comment_status":"closed","ping_status":"closed","template":"templates\/template-page-with-intro.php","meta":{"footnotes":""},"class_list":["post-2758","page","type-page","status-publish","hentry"],"_links":{"self":[{"href":"https:\/\/brandan.ch\/wordpress\/index.php?rest_route=\/wp\/v2\/pages\/2758","targetHints":{"allow":["GET"]}}],"collection":[{"href":"https:\/\/brandan.ch\/wordpress\/index.php?rest_route=\/wp\/v2\/pages"}],"about":[{"href":"https:\/\/brandan.ch\/wordpress\/index.php?rest_route=\/wp\/v2\/types\/page"}],"author":[{"embeddable":true,"href":"https:\/\/brandan.ch\/wordpress\/index.php?rest_route=\/wp\/v2\/users\/1"}],"replies":[{"embeddable":true,"href":"https:\/\/brandan.ch\/wordpress\/index.php?rest_route=%2Fwp%2Fv2%2Fcomments&post=2758"}],"version-history":[{"count":179,"href":"https:\/\/brandan.ch\/wordpress\/index.php?rest_route=\/wp\/v2\/pages\/2758\/revisions"}],"predecessor-version":[{"id":4692,"href":"https:\/\/brandan.ch\/wordpress\/index.php?rest_route=\/wp\/v2\/pages\/2758\/revisions\/4692"}],"wp:attachment":[{"href":"https:\/\/brandan.ch\/wordpress\/index.php?rest_route=%2Fwp%2Fv2%2Fmedia&parent=2758"}],"curies":[{"name":"wp","href":"https:\/\/api.w.org\/{rel}","templated":true}]}}