{"id":2929,"date":"2018-10-30T18:27:37","date_gmt":"2018-10-30T17:27:37","guid":{"rendered":"http:\/\/brandan.ch\/wordpress\/?page_id=2929"},"modified":"2026-04-09T07:08:51","modified_gmt":"2026-04-09T05:08:51","slug":"persoenliches-kurzform","status":"publish","type":"page","link":"https:\/\/brandan.ch\/wordpress\/?page_id=2929","title":{"rendered":"Pers\u00f6nliches kurzform"},"content":{"rendered":"<h1 style=\"text-align: center;\"><img loading=\"lazy\" decoding=\"async\" class=\"alignleft\" src=\"http:\/\/www.brandan.ch\/bilder\/brandan_1.jpg\" width=\"254\" height=\"208\" \/>Pers\u00f6nliches<\/h1>\n<p>&nbsp;<\/p>\n<p>Ich bin Jahrgang 1960.<\/p>\n<p>&nbsp;<\/p>\n<p>Nach 20 Jahren betriebswirtschaftlicher T\u00e4tigkeit habe ich mich vermehrt meiner Berufung Menschen in ihrem Sein zu unterst\u00fctzen zugewandt. Ich habe entsprechende Grundlagen-Seminare laufend erg\u00e4nzende Seminare und Workshops besucht.<\/p>\n<p>&nbsp;<\/p>\n<h4>Ausbildungen<\/h4>\n<p>&nbsp;<\/p>\n<p>Insha Heilmethoden (geisitges Heilen)<\/p>\n<p>Alpha Chi Consultant (Feng Shui \/ Raum-Akupunktur)<\/p>\n<p>Gauri Gatha (systemische Aufstellungen)<\/p>\n<p>laufend erg\u00e4nzende Workshops<\/p>\n<p>dipl Buchhalter\/Controller<\/p>\n<p>&nbsp;<\/p>\n<h4>Hobbies<\/h4>\n<p>&nbsp;<\/p>\n<p>Radfahren, Natur geniessen, Schach<\/p>\n<p>&nbsp;<\/p>\n<p>&nbsp;<\/p>\n","protected":false},"excerpt":{"rendered":"<p>Pers\u00f6nliches &nbsp; Ich bin Jahrgang 1960. &nbsp; Nach 20 Jahren betriebswirtschaftlicher T\u00e4tigkeit habe ich mich vermehrt meiner Berufung Menschen in ihrem Sein zu unterst\u00fctzen zugewandt. Ich habe entsprechende Grundlagen-Seminare laufend erg\u00e4nzende Seminare und Workshops besucht. &nbsp; Ausbildungen &nbsp; Insha Heilmethoden (geisitges Heilen) Alpha Chi Consultant (Feng Shui \/ Raum-Akupunktur) Gauri\u2026<\/p>\n<p class=\"continue-reading-button\"> <a class=\"continue-reading-link\" href=\"https:\/\/brandan.ch\/wordpress\/?page_id=2929\">Weiter lesen<i class=\"crycon-right-dir\"><\/i><\/a><\/p>\n","protected":false},"author":1,"featured_media":0,"parent":58,"menu_order":0,"comment_status":"closed","ping_status":"closed","template":"","meta":{"footnotes":""},"class_list":["post-2929","page","type-page","status-publish","hentry"],"_links":{"self":[{"href":"https:\/\/brandan.ch\/wordpress\/index.php?rest_route=\/wp\/v2\/pages\/2929","targetHints":{"allow":["GET"]}}],"collection":[{"href":"https:\/\/brandan.ch\/wordpress\/index.php?rest_route=\/wp\/v2\/pages"}],"about":[{"href":"https:\/\/brandan.ch\/wordpress\/index.php?rest_route=\/wp\/v2\/types\/page"}],"author":[{"embeddable":true,"href":"https:\/\/brandan.ch\/wordpress\/index.php?rest_route=\/wp\/v2\/users\/1"}],"replies":[{"embeddable":true,"href":"https:\/\/brandan.ch\/wordpress\/index.php?rest_route=%2Fwp%2Fv2%2Fcomments&post=2929"}],"version-history":[{"count":13,"href":"https:\/\/brandan.ch\/wordpress\/index.php?rest_route=\/wp\/v2\/pages\/2929\/revisions"}],"predecessor-version":[{"id":4722,"href":"https:\/\/brandan.ch\/wordpress\/index.php?rest_route=\/wp\/v2\/pages\/2929\/revisions\/4722"}],"up":[{"embeddable":true,"href":"https:\/\/brandan.ch\/wordpress\/index.php?rest_route=\/wp\/v2\/pages\/58"}],"wp:attachment":[{"href":"https:\/\/brandan.ch\/wordpress\/index.php?rest_route=%2Fwp%2Fv2%2Fmedia&parent=2929"}],"curies":[{"name":"wp","href":"https:\/\/api.w.org\/{rel}","templated":true}]}}