{"id":3108,"date":"2019-08-11T11:04:31","date_gmt":"2019-08-11T09:04:31","guid":{"rendered":"http:\/\/brandan.ch\/wordpress\/?page_id=3108"},"modified":"2020-07-04T07:45:46","modified_gmt":"2020-07-04T05:45:46","slug":"allgemeine-bedingungen","status":"publish","type":"page","link":"https:\/\/brandan.ch\/wordpress\/?page_id=3108","title":{"rendered":"Allgemeine Bedingungen"},"content":{"rendered":"<h5>Haftungsausschluss<\/h5>\n<p>&nbsp;<\/p>\n<p>Bitte beachten Sie, dass ich mich in keiner Weise auf medizinische Kenntnisse oder F\u00e4higkeiten berufe und ein Besuch bei mir <strong>in keinem Fall eine \u00e4rztliche Behandlung ersetzt<\/strong>. Es werden keine Diagnosen, Therapien und Behandlungen im medizinischen Sinne oder sonst HeiIkunde im gesetzlichen Sinne durchgef\u00fchrt. Die Arbeit mit den Heilmethoden, Heilaufstellungen und Kristallessenzen erfolgen auf ausdr\u00fccklichen Wunsch und eigenes Risiko des Kunden.<\/p>\n<p>&nbsp;<\/p>\n<p>Ich halte eine Zusammenarbeit mit Aerzten f\u00fcr wichtig. Daher soll eine laufende Behandlung nicht unter- bzw. abgebrochen, eine k\u00fcnftig notwendige Behandlung nicht hinausgeschoben oder ganz unterlassen werden. Medikamente sollen nur in Absprache mit dem behandelnden Arzt verringert oder abgesetzt werden.<\/p>\n<p>&nbsp;<\/p>\n<p>Ich weise expliziert darauf hin, dass ich nicht krankheitsorientiert in der Begrenzung eines Krankheitsbildes arbeite, sondern mich immer auf den gesunden Geist ausrichte. Alle Methoden und Seminare helfen dazu, die Selbstheilungskr\u00e4fte zu aktivieren und zu unterst\u00fctzen. Blockaden werden auf entsprechenden Energieebenen gel\u00f6st und es wird m\u00f6glich, die eigene innere Kraft f\u00fcr Heilung und Ausrichtung zu mobilisieren.<\/p>\n<p>&nbsp;<\/p>\n<h5>Versicherungen<\/h5>\n<p>&nbsp;<\/p>\n<p>Die Versicherung ist Sache des Klienten und von den Betreibern wird jegliche Haftung abgelehnt. Der Klient ist \u00a0damit einverstanden, dass die Versicherungen Sache des Teilnehmers sind und best\u00e4tigt, versichert zu sein.<\/p>\n<p>&nbsp;<\/p>\n<h5>Honorare \/ Seminargeb\u00fchren<\/h5>\n<p>&nbsp;<\/p>\n<p>Die Honorare und Seminargeb\u00fchren sind vor Beginn zu begleichen. Bei vereinbarten Stundens\u00e4tzen wird die erste Stunde immer voll berechnet.<\/p>\n<p>&nbsp;<\/p>\n<p>Die Stornogeb\u00fchren f\u00fcr Seminare und Workshops betragen 1\/3 des vereinbarten Honorars, in jedem Fall jedoch mindestens 300 Euro.<\/p>\n<p>&nbsp;<\/p>\n<p>Die Stornogeb\u00fchren f\u00fcr vereinbarte Termine betragen 1\/3 des vereinbarten Honorars, in jedem Fall jedoch mindestens 150 Euro.<\/p>\n<p>&nbsp;<\/p>\n<p>Die Stornogeb\u00fchren f\u00fcr Feng Shui Auftr\u00e4ge betragen 1\/3 des vereinbarten Honorars.<\/p>\n<p>&nbsp;<\/p>\n<p>Alle Vereinbarungen unterstehen schweizerischem Recht.<\/p>\n","protected":false},"excerpt":{"rendered":"<p>Haftungsausschluss &nbsp; Bitte beachten Sie, dass ich mich in keiner Weise auf medizinische Kenntnisse oder F\u00e4higkeiten berufe und ein Besuch bei mir in keinem Fall eine \u00e4rztliche Behandlung ersetzt. Es werden keine Diagnosen, Therapien und Behandlungen im medizinischen Sinne oder sonst HeiIkunde im gesetzlichen Sinne durchgef\u00fchrt. Die Arbeit mit den\u2026<\/p>\n<p class=\"continue-reading-button\"> <a class=\"continue-reading-link\" href=\"https:\/\/brandan.ch\/wordpress\/?page_id=3108\">Weiter lesen<i class=\"crycon-right-dir\"><\/i><\/a><\/p>\n","protected":false},"author":1,"featured_media":0,"parent":0,"menu_order":0,"comment_status":"closed","ping_status":"closed","template":"","meta":{"footnotes":""},"class_list":["post-3108","page","type-page","status-publish","hentry"],"_links":{"self":[{"href":"https:\/\/brandan.ch\/wordpress\/index.php?rest_route=\/wp\/v2\/pages\/3108","targetHints":{"allow":["GET"]}}],"collection":[{"href":"https:\/\/brandan.ch\/wordpress\/index.php?rest_route=\/wp\/v2\/pages"}],"about":[{"href":"https:\/\/brandan.ch\/wordpress\/index.php?rest_route=\/wp\/v2\/types\/page"}],"author":[{"embeddable":true,"href":"https:\/\/brandan.ch\/wordpress\/index.php?rest_route=\/wp\/v2\/users\/1"}],"replies":[{"embeddable":true,"href":"https:\/\/brandan.ch\/wordpress\/index.php?rest_route=%2Fwp%2Fv2%2Fcomments&post=3108"}],"version-history":[{"count":3,"href":"https:\/\/brandan.ch\/wordpress\/index.php?rest_route=\/wp\/v2\/pages\/3108\/revisions"}],"predecessor-version":[{"id":3332,"href":"https:\/\/brandan.ch\/wordpress\/index.php?rest_route=\/wp\/v2\/pages\/3108\/revisions\/3332"}],"wp:attachment":[{"href":"https:\/\/brandan.ch\/wordpress\/index.php?rest_route=%2Fwp%2Fv2%2Fmedia&parent=3108"}],"curies":[{"name":"wp","href":"https:\/\/api.w.org\/{rel}","templated":true}]}}