{"id":3126,"date":"2019-09-03T12:25:53","date_gmt":"2019-09-03T10:25:53","guid":{"rendered":"http:\/\/brandan.ch\/wordpress\/?page_id=3126"},"modified":"2026-02-21T07:54:25","modified_gmt":"2026-02-21T06:54:25","slug":"coaching","status":"publish","type":"page","link":"https:\/\/brandan.ch\/wordpress\/?page_id=3126","title":{"rendered":"Impuls-Coaching"},"content":{"rendered":"<h1 style=\"text-align: left;\"><img loading=\"lazy\" decoding=\"async\" class=\"alignright\" src=\"https:\/\/brandan.ch\/slider\/brandan\/slider_start_coaching.png\" width=\"268\" height=\"166\" \/>Individuelles Coaching<\/h1>\n<p>&nbsp;<\/p>\n<p>Oft halten uns tief im Unterbewussten versteckte Blockaden oder schmerzhafte Erfahrungen daran, aus Mustern auszusteigen und neue innere Wege einzuschlagen. Oft sind wir mit diesen Erfahrungen noch im Unfrieden, wodurch sie uns beeinflussen k\u00f6nnen.<\/p>\n<p>Mit verschiedenen Methoden unterst\u00fctze ich Dich dabei, solche Blockaden zu l\u00f6sen, inneren frieden zu finden und neue innere Wege zu \u00f6ffnen.<\/p>\n<p>&nbsp;<\/p>\n<h4>Energiemedizin <img loading=\"lazy\" decoding=\"async\" class=\"alignleft\" src=\"https:\/\/brandan.ch\/logos\/logo_coaches.png\" width=\"69\" height=\"69\" \/>\/ geistiges Heilen<\/h4>\n<p>&nbsp;<\/p>\n<p>Energiemedizin \u2013 oder geistiges Heilen \u2013 ist Wissen \u00fcber energetische Ebenen, die Energefl\u00fcsse darin und ihren Auswirkungen auf Menschen.<\/p>\n<p>&nbsp;<\/p>\n<p>Oft sind in diesen Energiefl\u00fcssen Blockaden vorhanden. Sie k\u00f6nnen das Denken, Handeln und die k\u00f6rperliche Gesundheit beeinflussen. Die Energiemedizin hilft dabei, Blockaden darin zu l\u00f6sen so dass die Energien wieder frei fliessen k\u00f6nnen. Sie \u00f6ffnen St\u00e4rken und Potentiale f\u00fcr den Alltag.<\/p>\n<p>&nbsp;<\/p>\n<p>Dazu gibt es vielf\u00e4ltige Ans\u00e4tze. Neben der Kl\u00e4rung und Aktivierung der verschiedenen Energieebenen gibt es M\u00f6glichkeiten zur Kl\u00e4rung der Organe, der Wirbels\u00e4ule oder einer einfachen M\u00f6glichkeiten, hindernde Gedankenmuster zu l\u00f6sen. F\u00fcr ausf\u00fchrliche Informatonen bitte ich Dich, mich zu kontaktieren.<\/p>\n<p>&nbsp;<\/p>\n<h4>Gauri Gatha \u2013 Systemische Seelenenaufstellungen<\/h4>\n<p>&nbsp;<\/p>\n<p>Die Welt, in der wir leben, ist bestimmt von bindenden Strukturen, Pr\u00e4gungen und Einfl\u00fcssen von Aussen. Oft f\u00fchlen wir uns in diesen Strukturen nicht wohl. Oft f\u00fchren einem innere Konflikte zu Personen oder bestimmten Themen immer wieder \u2013 oft auch unerkl\u00e4rlicherweise \u2013 in gleiche Situationen oder innere Schwierigkeiten, obwohl man diese nicht mehr will. Seelenaufstellungen (Gauri Gatha) hilft, diese seelischen Bindungen sp\u00fcrbar und erfahrbar zu machen und zu l\u00f6sen. Daraus kann innerer Frieden und Freiheit und Harmonie mit sich und dem Umfeld entstehen. Frieden und Freiheit bestimmt danach vermehrt die Handlungen und Beziehungen und der Umgang mit Menschen und Situationen wird freier und ungezwungener.<\/p>\n<p>&nbsp;<\/p>\n<h4><img loading=\"lazy\" decoding=\"async\" class=\"alignleft\" src=\"http:\/\/www.brandan.ch\/bilder\/bild_essenzen_1.jpg\" width=\"303\" height=\"187\" \/>Kristallessenzen \u2013 Raum- und Aura-Sprays<\/h4>\n<p>&nbsp;<\/p>\n<p>Die Essenzen unterst\u00fctzen dabei, Wege zu deiner Seele zu \u00f6ffnen. Sie helfen, die Energiefl\u00fcsse von Hindernissen zu befreien und so innere Wege zu \u00f6ffnen und die Selbstheilungskr\u00e4fte und die energetische Leistungsf\u00e4higkeit zu st\u00e4rken.<\/p>\n<p>Dabei k\u00f6nnen individuell abgestimmte Mischungen verwendet werden. Die Grundlage bilden 108 Grundessenzen die miteinander gemischt werden k\u00f6nnen und so optimal an pers\u00f6nliche Bed\u00fcrfnisse angepast werden k\u00f6nnen.<\/p>\n<p>Die Essenzen k\u00f6nnen als individueller Spray oder zum Reinigen von R\u00e4umen angewandt werden. Zudem k\u00f6nnen sie per\u00f6nlich abgestimmt in Kosmetikartikel wie Shampoo, Seifen, Duschmittel usw verwendet werden.<\/p>\n<p>&nbsp;<\/p>\n","protected":false},"excerpt":{"rendered":"<p>Individuelles Coaching &nbsp; Oft halten uns tief im Unterbewussten versteckte Blockaden oder schmerzhafte Erfahrungen daran, aus Mustern auszusteigen und neue innere Wege einzuschlagen. Oft sind wir mit diesen Erfahrungen noch im Unfrieden, wodurch sie uns beeinflussen k\u00f6nnen. Mit verschiedenen Methoden unterst\u00fctze ich Dich dabei, solche Blockaden zu l\u00f6sen, inneren frieden\u2026<\/p>\n<p class=\"continue-reading-button\"> <a class=\"continue-reading-link\" href=\"https:\/\/brandan.ch\/wordpress\/?page_id=3126\">Weiter lesen<i class=\"crycon-right-dir\"><\/i><\/a><\/p>\n","protected":false},"author":1,"featured_media":0,"parent":2905,"menu_order":0,"comment_status":"closed","ping_status":"closed","template":"","meta":{"footnotes":""},"class_list":["post-3126","page","type-page","status-publish","hentry"],"_links":{"self":[{"href":"https:\/\/brandan.ch\/wordpress\/index.php?rest_route=\/wp\/v2\/pages\/3126","targetHints":{"allow":["GET"]}}],"collection":[{"href":"https:\/\/brandan.ch\/wordpress\/index.php?rest_route=\/wp\/v2\/pages"}],"about":[{"href":"https:\/\/brandan.ch\/wordpress\/index.php?rest_route=\/wp\/v2\/types\/page"}],"author":[{"embeddable":true,"href":"https:\/\/brandan.ch\/wordpress\/index.php?rest_route=\/wp\/v2\/users\/1"}],"replies":[{"embeddable":true,"href":"https:\/\/brandan.ch\/wordpress\/index.php?rest_route=%2Fwp%2Fv2%2Fcomments&post=3126"}],"version-history":[{"count":76,"href":"https:\/\/brandan.ch\/wordpress\/index.php?rest_route=\/wp\/v2\/pages\/3126\/revisions"}],"predecessor-version":[{"id":4700,"href":"https:\/\/brandan.ch\/wordpress\/index.php?rest_route=\/wp\/v2\/pages\/3126\/revisions\/4700"}],"up":[{"embeddable":true,"href":"https:\/\/brandan.ch\/wordpress\/index.php?rest_route=\/wp\/v2\/pages\/2905"}],"wp:attachment":[{"href":"https:\/\/brandan.ch\/wordpress\/index.php?rest_route=%2Fwp%2Fv2%2Fmedia&parent=3126"}],"curies":[{"name":"wp","href":"https:\/\/api.w.org\/{rel}","templated":true}]}}