{"id":3781,"date":"2021-11-25T12:25:43","date_gmt":"2021-11-25T11:25:43","guid":{"rendered":"https:\/\/brandan.ch\/wordpress\/?page_id=3781"},"modified":"2024-12-31T16:07:20","modified_gmt":"2024-12-31T15:07:20","slug":"workshop-weite-und-orientierung","status":"publish","type":"page","link":"https:\/\/brandan.ch\/wordpress\/?page_id=3781","title":{"rendered":"Workshops"},"content":{"rendered":"<h1 style=\"text-align: center;\"><img loading=\"lazy\" decoding=\"async\" class=\"alignleft\" src=\"http:\/\/www.brandan.ch\/slider\/brandan\/slider_start_kt.png\" width=\"280\" height=\"173\" \/>Seminare \/ Workshops<\/h1>\n<p>&nbsp;<\/p>\n<p>Ph\u00f6nixe sind H\u00fcter und Helfer des Kristall-Herzens haben einen starken Bezug zur Zeitlosigkeit. Diese Kraft der Zeitlosigkeit hilft Dir dabei, urspr\u00fcngliches und zeitloses Wissen aus verschiedenen Bereichen zu entdecken. Es hilft Dir alte Pr\u00e4gungen und Blockaden zu l\u00f6sen so dass deine Pers\u00f6nlichkeit mehr zur Geltung kommt.Das zeitlose Wissen hilft Dir, Dich st\u00e4rker auf den Lauf und der Entwicklung der Erde einzulassen und mit zu gehen.<\/p>\n<p>&nbsp;<\/p>\n<h4>Allgemeines zu den Seminaren<\/h4>\n<p>&nbsp;<\/p>\n<p>In meinen Seminaren und Workshops helfe ich Dir, Dein eigenens Seelenwissen und Seelenst\u00e4rken zu finden. Ich gehe davon aus, dass der liebe Gott jeden mit allem N\u00f6tigen ausgestattet hat. Manchmal hat man etwas verlegt und findet es nicht. Ich helfe in meinen Workshops den Weg dahin zu \u00f6ffnen, zu finden und im Alltag zu integrieren so dass die Pers\u00f6nlichkeit vermehrt zu strahlen beginnt und das gl\u00fccklich sein mehr Raum erh\u00e4lt.<\/p>\n<p>&nbsp;<\/p>\n<p>Alle aktuell geplanten Workshops findest unter <a href=\"https:\/\/brandan.ch\/wordpress\/?page_id=1346\">Veranstaltungen<\/a><\/p>\n<p>&nbsp;<\/p>\n<h3><img loading=\"lazy\" decoding=\"async\" class=\"alignleft\" src=\"https:\/\/brandan.ch\/logos\/logo_kristall_ebene.png\" width=\"150\" height=\"150\" \/>Kristall-Tempel &#8211; eine Verbindung zu Deinem Seelenwissen im Kristall-Herzen<\/h3>\n<p>Es verbindet Dich mit deinem eigenen Seelenwissen und den Grundlagen der Zeitlosigkeit. Dein Kristalltempel verbindet Dich mit einer Herzens- und Seelenkraft, die ausserhalb des Denkens liegt und nur mit dem Herzen erfassbar ist. In ihm findest Du eine neue innere Weite und viele Seelenst\u00e4rken, um Dich und andere auf ihrem Weg zu unterst\u00fctzen.<\/p>\n<p><a href=\"https:\/\/brandan.ch\/wordpress\/?page_id=4408\" rel=\"noopener\">Mehr zur Verbindung mit den Ph\u00f6nixen findest Du hier<\/a><\/p>\n<p>&nbsp;<\/p>\n<h3><img loading=\"lazy\" decoding=\"async\" class=\"alignleft\" src=\"https:\/\/brandan.ch\/logos\/logo_coaches.png\" width=\"151\" height=\"150\" \/>Ph\u00f6nix-Caoches \u2013 Dein heilerisches Wissen im Kristall-Herzen<\/h3>\n<p>Hast Du den Wunsch andere Menschen in ihrer Pers\u00f6nlichkeit und ihrem Sein zu unterst\u00fctzen? Im Workshop lernst Du viele M\u00f6glichkeiten diesen Wunsch im Alltag zu leben.Du wirst an in Dir schlummernden F\u00e4higkeiten gef\u00fchrt und mit Deiner eigenen pers\u00f6nliochen Wissensbibliothek verbunden. Dabei k\u00f6nnen M\u00f6glichkeiten und Potentiale in Dir frei werden, die bisher verborgen in Dir geschlummert haben.<\/p>\n<p><a href=\"https:\/\/brandan.ch\/wordpress\/?page_id=4403\" rel=\"noopener\">Mehr zu den Ph\u00f6nix-Coaches erf\u00e4hrst Du hier<\/a><\/p>\n<p>&nbsp;<\/p>\n<h3><img loading=\"lazy\" decoding=\"async\" class=\"alignleft\" src=\"https:\/\/brandan.ch\/logos\/logo_kristall_schamanen.png\" width=\"152\" height=\"149\" \/>Die Ph\u00f6nix-Schmananen &#8211; Naturkommunikation und Gartengestaltung<\/h3>\n<p>Die Zeitlosigkeit der Ph\u00f6nixe erleichtert Dir die Kommunikation, Wahrnehmung und Verbindung zur Natur und all ihren Wesen. In allen Menschen schlummern diese Kommunikationskan\u00e4le zur Natur, die es erm\u00f6glichen, mit der Natur auf einer neuen inneren Ebene wie mit Menschen zu kommunizieren. Oft sind diese Kan\u00e4e eingeschlafen und funktionieren nicht mehr richtig.In den Workshops werden diese Kommunikationskan\u00e4le ge\u00f6ffnet,so dass die Natur und ihre Wesen tiefer wahrgenommen werden k\u00f6nnen.<\/p>\n<p><a href=\"https:\/\/brandan.ch\/wordpress\/?page_id=4484\" rel=\"noopener\">Mehr zu den Ph\u00f6nix-Schamanen erf\u00e4hrst Du hier<\/a><\/p>\n<p>&nbsp;<\/p>\n","protected":false},"excerpt":{"rendered":"<p>Seminare \/ Workshops &nbsp; Ph\u00f6nixe sind H\u00fcter und Helfer des Kristall-Herzens haben einen starken Bezug zur Zeitlosigkeit. Diese Kraft der Zeitlosigkeit hilft Dir dabei, urspr\u00fcngliches und zeitloses Wissen aus verschiedenen Bereichen zu entdecken. Es hilft Dir alte Pr\u00e4gungen und Blockaden zu l\u00f6sen so dass deine Pers\u00f6nlichkeit mehr zur Geltung kommt.Das\u2026<\/p>\n<p class=\"continue-reading-button\"> <a class=\"continue-reading-link\" href=\"https:\/\/brandan.ch\/wordpress\/?page_id=3781\">Weiter lesen<i class=\"crycon-right-dir\"><\/i><\/a><\/p>\n","protected":false},"author":1,"featured_media":0,"parent":2905,"menu_order":0,"comment_status":"closed","ping_status":"closed","template":"","meta":{"footnotes":""},"class_list":["post-3781","page","type-page","status-publish","hentry"],"_links":{"self":[{"href":"https:\/\/brandan.ch\/wordpress\/index.php?rest_route=\/wp\/v2\/pages\/3781","targetHints":{"allow":["GET"]}}],"collection":[{"href":"https:\/\/brandan.ch\/wordpress\/index.php?rest_route=\/wp\/v2\/pages"}],"about":[{"href":"https:\/\/brandan.ch\/wordpress\/index.php?rest_route=\/wp\/v2\/types\/page"}],"author":[{"embeddable":true,"href":"https:\/\/brandan.ch\/wordpress\/index.php?rest_route=\/wp\/v2\/users\/1"}],"replies":[{"embeddable":true,"href":"https:\/\/brandan.ch\/wordpress\/index.php?rest_route=%2Fwp%2Fv2%2Fcomments&post=3781"}],"version-history":[{"count":75,"href":"https:\/\/brandan.ch\/wordpress\/index.php?rest_route=\/wp\/v2\/pages\/3781\/revisions"}],"predecessor-version":[{"id":4555,"href":"https:\/\/brandan.ch\/wordpress\/index.php?rest_route=\/wp\/v2\/pages\/3781\/revisions\/4555"}],"up":[{"embeddable":true,"href":"https:\/\/brandan.ch\/wordpress\/index.php?rest_route=\/wp\/v2\/pages\/2905"}],"wp:attachment":[{"href":"https:\/\/brandan.ch\/wordpress\/index.php?rest_route=%2Fwp%2Fv2%2Fmedia&parent=3781"}],"curies":[{"name":"wp","href":"https:\/\/api.w.org\/{rel}","templated":true}]}}