{"id":3834,"date":"2022-01-19T19:53:19","date_gmt":"2022-01-19T18:53:19","guid":{"rendered":"https:\/\/brandan.ch\/wordpress\/?page_id=3834"},"modified":"2022-01-19T19:53:19","modified_gmt":"2022-01-19T18:53:19","slug":"disclaimer","status":"publish","type":"page","link":"https:\/\/brandan.ch\/wordpress\/?page_id=3834","title":{"rendered":"Disclaimer"},"content":{"rendered":"<h1 style=\"text-align: center;\">Disclaimer \/ Haftungsausschluss<\/h1>\n<p>&nbsp;<\/p>\n<p>Bitte beachten Sie, dass ich mich in keiner Weise auf medizinische Kenntnisse oder F\u00e4higkeiten berufe und ein Besuch bei mir <strong>in keinem Fall eine \u00e4rztliche Behandlung ersetzt<\/strong>. Es werden keine Diagnosen, Therapien und Behandlungen im medizinischen Sinne oder sonst HeiIkunde im gesetzlichen Sinne durchgef\u00fchrt. Ich halte eine Zusammenarbeit mit Aerzten f\u00fcr wichtig. Daher soll eine laufende Behandlung nicht unter- bzw. abgebrochen, eine k\u00fcnftig notwendige Behandlung nicht hinausgeschoben oder ganz unterlassen werden. Medikamente sollen nur in Absprache mit dem behandelnden Arzt verringert oder abgesetzt werden.<\/p>\n<p>&nbsp;<\/p>\n<p>Die Arbeit mit den energetischen Heilmethoden, Heilaufstellungen und Kristallessenzen erfolgen auf ausdr\u00fccklichen Wunsch und eigenes Risiko des Kunden. Ich weise expliziert darauf hin, dass ich nicht krankheitsorientiert in der Begrenzung eines Krankheitsbildes arbeite, sondern mich immer auf den gesunden Geist ausrichte. Dass alle Methoden, die ich einsetze nicht dazu dienen der Krankheit entgegen zu wirken, sondern den K\u00f6rper und Geist in seiner Kraft und Entsprechung zu st\u00e4rken. .<\/p>\n<p>&nbsp;<\/p>\n<p>Die Methoden unterst\u00fctzen und aktivieren Ihre Selbstheilungskr\u00e4fte. Blockaden werden auf der entsprechenden Energieebene gel\u00f6st und es wird m\u00f6glich, die eigene innere Kraft f\u00fcr Heilung und Ausrichtung zu mobilisieren.<\/p>\n<p>&nbsp;<\/p>\n<p>Die Versicherung ist Sache des Klienten jegliche Haftung wird abgelehnt.<\/p>\n<p>&nbsp;<\/p>\n","protected":false},"excerpt":{"rendered":"<p>Disclaimer \/ Haftungsausschluss &nbsp; Bitte beachten Sie, dass ich mich in keiner Weise auf medizinische Kenntnisse oder F\u00e4higkeiten berufe und ein Besuch bei mir in keinem Fall eine \u00e4rztliche Behandlung ersetzt. Es werden keine Diagnosen, Therapien und Behandlungen im medizinischen Sinne oder sonst HeiIkunde im gesetzlichen Sinne durchgef\u00fchrt. Ich halte\u2026<\/p>\n<p class=\"continue-reading-button\"> <a class=\"continue-reading-link\" href=\"https:\/\/brandan.ch\/wordpress\/?page_id=3834\">Weiter lesen<i class=\"crycon-right-dir\"><\/i><\/a><\/p>\n","protected":false},"author":1,"featured_media":0,"parent":0,"menu_order":0,"comment_status":"closed","ping_status":"closed","template":"","meta":{"footnotes":""},"class_list":["post-3834","page","type-page","status-publish","hentry"],"_links":{"self":[{"href":"https:\/\/brandan.ch\/wordpress\/index.php?rest_route=\/wp\/v2\/pages\/3834","targetHints":{"allow":["GET"]}}],"collection":[{"href":"https:\/\/brandan.ch\/wordpress\/index.php?rest_route=\/wp\/v2\/pages"}],"about":[{"href":"https:\/\/brandan.ch\/wordpress\/index.php?rest_route=\/wp\/v2\/types\/page"}],"author":[{"embeddable":true,"href":"https:\/\/brandan.ch\/wordpress\/index.php?rest_route=\/wp\/v2\/users\/1"}],"replies":[{"embeddable":true,"href":"https:\/\/brandan.ch\/wordpress\/index.php?rest_route=%2Fwp%2Fv2%2Fcomments&post=3834"}],"version-history":[{"count":1,"href":"https:\/\/brandan.ch\/wordpress\/index.php?rest_route=\/wp\/v2\/pages\/3834\/revisions"}],"predecessor-version":[{"id":3835,"href":"https:\/\/brandan.ch\/wordpress\/index.php?rest_route=\/wp\/v2\/pages\/3834\/revisions\/3835"}],"wp:attachment":[{"href":"https:\/\/brandan.ch\/wordpress\/index.php?rest_route=%2Fwp%2Fv2%2Fmedia&parent=3834"}],"curies":[{"name":"wp","href":"https:\/\/api.w.org\/{rel}","templated":true}]}}