{"id":4408,"date":"2024-07-13T18:29:53","date_gmt":"2024-07-13T16:29:53","guid":{"rendered":"https:\/\/brandan.ch\/wordpress\/?page_id=4408"},"modified":"2024-12-25T15:20:12","modified_gmt":"2024-12-25T14:20:12","slug":"workshop-kristalltempel","status":"publish","type":"page","link":"https:\/\/brandan.ch\/wordpress\/?page_id=4408","title":{"rendered":"Workshop Kristalltempel"},"content":{"rendered":"<h1 style=\"text-align: center;\"><img loading=\"lazy\" decoding=\"async\" class=\"alignleft\" src=\"https:\/\/brandan.ch\/logos\/logo_kristall_ebene.png\" width=\"135\" height=\"135\" \/>Der Kristalltempel der Ph\u00f6nixe<\/h1>\n<h1 style=\"text-align: center;\">Die Verbindung zum Kristall-Herz und der Zeitlosigkeit<\/h1>\n<p>&nbsp;<\/p>\n<p>&nbsp;<\/p>\n<p>Das Kristall-Herz bildet die universelle Verbindung zum zeitlosen Kristall-Wissen der Ph\u00f6nixe. Der Tempel ist ein Sinnbild f\u00fcr Dein inneres seelisches Wissen und hilft Dir dieses Wissen auf der Erde zu leben und umzusetzen. Er ist wie eine pers\u00f6nliche Wissensbibliothek, \u00fcber die Du jederzeit zugreifen kannst. In ihr sind pers\u00f6nliche Qualit\u00e4ten und St\u00e4rken gespeichert sind und man kann jederzeit nach L\u00f6sungen fragen.<\/p>\n<p>&nbsp;<\/p>\n<p>Das Kristall-Herz erweitert die Wahrnehmung von anderen Menschen und st\u00e4rkt die innere F\u00fchrung. Es erm\u00f6glicht, die vielf\u00e4ltigen Einfl\u00fcsse des Lebens einfacher zu verarbeiten, Deine innere Weitsicht, die Gelassenheit und die innere Ruhe zu st\u00e4rken und Dich einfacher auf die Entwicklung der Erde einzustimmen. Dieses Wissen kann f\u00fcr Dich selbst und f\u00fcr andere angewendet werden. Das heilerische Wissen <a href=\"https:\/\/brandan.ch\/wordpress\/?page_id=4403\">Details findes Du hier)<\/a> unterst\u00fctzt Dich dabei, innere Blockaden oder k\u00f6rperliche Beschwerden selbst\u00e4ndig zu l\u00f6sen oder Andere dabei zu unterst\u00fctzen. Die schamanischen Ebenen (<a href=\"https:\/\/brandan.ch\/wordpress\/?page_id=3884\">Details findest Du hier<\/a>) vertiefen Deine Beziehung zur Natur..Sie helfen Dir, die Natur besser zu verstehen und \u00f6ffnen Kommunikationswege zu ihr.<\/p>\n<p>&nbsp;<\/p>\n<p>Im Tempel findest Du eine Verbindung zur Zeitlosigkeit. Sie unterst\u00fctzten Dich, eine neue innere Weite zu finden. Er hilft Dir, das JETZT mehr zu leben und geniessen und die emotionalen Einfl\u00fcsse ruhiger und gelassener zu nehmen. Aus dieser Kraft kann eine Herzensausrichtung und innere F\u00fchrungsst\u00e4rke entstehen die auch dabei hilft, den Weg nicht zu verlieren.<\/p>\n<p>&nbsp;<\/p>\n<p>Im Workshop lernst Du verschiedene Bereiche Deines Kristall-Herzens und deines Herz-Tempels besser kennen. Es hilft Dir, diese innere Kraft des Kristall-Herzens und der Zeitlosigkeit in Deinem Sein in Dir zu verankern.<\/p>\n<p>&nbsp;<\/p>\n<p>Der Workshop dauert 2 Tage und der Ausgleich betr\u00e4gt CHF 800.&#8211;.. Er kann in einzelnen Tagen besucht werden.<\/p>\n<p>&nbsp;<\/p>\n","protected":false},"excerpt":{"rendered":"<p>Der Kristalltempel der Ph\u00f6nixe Die Verbindung zum Kristall-Herz und der Zeitlosigkeit &nbsp; &nbsp; Das Kristall-Herz bildet die universelle Verbindung zum zeitlosen Kristall-Wissen der Ph\u00f6nixe. Der Tempel ist ein Sinnbild f\u00fcr Dein inneres seelisches Wissen und hilft Dir dieses Wissen auf der Erde zu leben und umzusetzen. Er ist wie eine\u2026<\/p>\n<p class=\"continue-reading-button\"> <a class=\"continue-reading-link\" href=\"https:\/\/brandan.ch\/wordpress\/?page_id=4408\">Weiter lesen<i class=\"crycon-right-dir\"><\/i><\/a><\/p>\n","protected":false},"author":1,"featured_media":0,"parent":3781,"menu_order":0,"comment_status":"closed","ping_status":"closed","template":"","meta":{"footnotes":""},"class_list":["post-4408","page","type-page","status-publish","hentry"],"_links":{"self":[{"href":"https:\/\/brandan.ch\/wordpress\/index.php?rest_route=\/wp\/v2\/pages\/4408","targetHints":{"allow":["GET"]}}],"collection":[{"href":"https:\/\/brandan.ch\/wordpress\/index.php?rest_route=\/wp\/v2\/pages"}],"about":[{"href":"https:\/\/brandan.ch\/wordpress\/index.php?rest_route=\/wp\/v2\/types\/page"}],"author":[{"embeddable":true,"href":"https:\/\/brandan.ch\/wordpress\/index.php?rest_route=\/wp\/v2\/users\/1"}],"replies":[{"embeddable":true,"href":"https:\/\/brandan.ch\/wordpress\/index.php?rest_route=%2Fwp%2Fv2%2Fcomments&post=4408"}],"version-history":[{"count":15,"href":"https:\/\/brandan.ch\/wordpress\/index.php?rest_route=\/wp\/v2\/pages\/4408\/revisions"}],"predecessor-version":[{"id":4529,"href":"https:\/\/brandan.ch\/wordpress\/index.php?rest_route=\/wp\/v2\/pages\/4408\/revisions\/4529"}],"up":[{"embeddable":true,"href":"https:\/\/brandan.ch\/wordpress\/index.php?rest_route=\/wp\/v2\/pages\/3781"}],"wp:attachment":[{"href":"https:\/\/brandan.ch\/wordpress\/index.php?rest_route=%2Fwp%2Fv2%2Fmedia&parent=4408"}],"curies":[{"name":"wp","href":"https:\/\/api.w.org\/{rel}","templated":true}]}}